{"id":889,"date":"2018-08-31T13:14:13","date_gmt":"2018-08-31T16:14:13","guid":{"rendered":"https:\/\/ens9005-mza.infd.edu.ar\/sitio\/tecnicatura-superior-agronomica\/"},"modified":"2021-12-01T17:12:17","modified_gmt":"2021-12-01T20:12:17","slug":"tecnicatura-superior-agronomica","status":"publish","type":"page","link":"https:\/\/ens9005-infd.mendoza.edu.ar\/sitio\/tecnicatura-superior-agronomica\/","title":{"rendered":"Tecnicatura Superior Agron\u00f3mica"},"content":{"rendered":"<h6 style=\"text-align: left;\"><\/h6>\n<table style=\"width: 100%;\" border=\"0\">\n<tbody>\n<tr style=\"background-color: #b16c4e;\">\n<td style=\"background-color: #e0e7cf;\" colspan=\"3\">\n<h2 style=\"margin-top: 0px; margin-bottom: 0px; padding-bottom: 0px;\">\u00bfQu\u00e9 es la Tecnicatura Superior Agron\u00f3mica?<\/h2>\n<\/td>\n<\/tr>\n<tr valign=\"top\">\n<td class=\"Texto_verdana Texto_arial\" colspan=\"2\">\n<pre><span style=\"font-size: 8pt;\"><span style=\"font-family: helvetica;\"><span style=\"font-family: comic sans ms,sans-serif;\">En la Tecnicatura Superior Agron\u00f3mica se etudia e investiga sobre los aspectos ecofisiol\u00f3gicos&nbsp; de los cultivos, la econom\u00eda y comercializaci\u00f3n rural, la normativa y metodolog\u00eda para asegurar productos agropecuarios de calidad.\n<\/span><\/span><\/span>\n\n<a title=\"PLAN DE ESTUDIO Y CORRELAT AGRONOM\u00cdA\" href=\"upload\/PLAN_DE_ESTUDIO_Y_CORRELATIV_TECNIC_SUP__AGRONOMICA.pdf\" target=\"_blank\" rel=\"noopener\"><span style=\"text-align: left;\">Consulta el plan de estudios<\/span><\/a>\n\n<span style=\"text-align: left;\"><a title=\"estaci\u00f3n experimental \" href=\"https:\/\/www.youtube.com\/watch?v=VczpxFFv0uc\">Estaci\u00f3n experimental propia para investigaci\u00f3n<\/a><\/span><\/pre>\n<\/td>\n<td style=\"width: 30%;\" align=\"center\" valign=\"top\">&nbsp;<img decoding=\"async\" loading=\"lazy\" title=\"Docentes Agronom\u00eda\" src=\"https:\/\/ens9005-infd.mendoza.edu.ar\/sitio\/wp-content\/uploads\/2018\/08\/Agronomia.jpg\" alt=\"Docentes Agronom\u00eda\" width=\"163\" height=\"122\" border=\"0\"><\/td>\n<\/tr>\n<tr style=\"background-color: #6ef69f;\">\n<td colspan=\"3\">\n<h2 style=\"margin-top: 0px; margin-bottom: 0px; padding-bottom: 0px; text-align: right;\">Desarrollo Profesional<\/h2>\n<\/td>\n<\/tr>\n<tr>\n<td width=\"30%\">&nbsp;<img decoding=\"async\" loading=\"lazy\" title=\"Agronom\u00eda 2 \" src=\"https:\/\/ens9005-infd.mendoza.edu.ar\/sitio\/wp-content\/uploads\/2018\/08\/Agronomia_2.jpg\" alt=\"Agronom\u00eda 2 \" width=\"149\" height=\"112\" border=\"0\"><\/td>\n<td class=\"Texto_arial Texto_verdana\" style=\"text-align: justify;\" colspan=\"2\"><span style=\"font-family: helvetica; background-color: #ffffff; font-size: 8pt;\"><span style=\"font-family: comic sans ms,sans-serif;\">El T\u00e9cnico Superior en Agronom\u00eda puede desempe\u00f1arse en empresas agropecuarias en diversas actividades como la protecci\u00f3n de cultivo, eficiencia del riego, certificaci\u00f3n de calidad. En organismos gubernamentales dedicados al desarrollo tecnol\u00f3gico y rural, participando&nbsp; en el dise\u00f1o de proyectos y programas.<br \/>\n<\/span><\/span><\/td>\n<\/tr>\n<tr style=\"background-color: #f0e86a;\">\n<td colspan=\"3\">\n<h2 style=\"margin-top: 0px; margin-bottom: 0px; padding-bottom: 0px;\">Requisitos para el ingreso, Informes y Contacto.<\/h2>\n<\/td>\n<\/tr>\n<tr>\n<td colspan=\"2\"><span style=\"font-size: 8pt; font-family: helvetica;\">Los requisitos para el ingreso son los siguientes:<\/span><\/p>\n<ul>\n<li><span style=\"font-size: 8pt; font-family: helvetica;\">Haber egresado de la escuela secundaria o<\/span><\/li>\n<li><span style=\"font-size: 8pt; font-family: helvetica;\">Tener m\u00e1s de 25 a\u00f1os y aprobar el examen para mayores de 25 a\u00f1os.<\/span><\/li>\n<li><span style=\"font-size: 8pt; font-family: helvetica;\">Tener examen psicof\u00edsico APTO.<\/span><\/li>\n<li><span style=\"font-size: 8pt; font-family: helvetica;\">Tener&nbsp; respeto por la naturaleza, inter\u00e9s y gusto por las actividades al aire libre.<br \/>\n<\/span><\/li>\n<\/ul>\n<p><span style=\"font-size: 8pt; font-family: helvetica;\">Puedes solicitar informaci\u00f3n personalmente en el local de la escuela en Ruta Provincial N\u00ba 50 km 935 La Paz en horario de 15 a 21 hs.<\/span><\/p>\n<p><span style=\"font-size: 8pt; font-family: helvetica;\">Por e-mail a: lafidela9005@gmail.com<\/span><\/td>\n<td width=\"30%\">\n<div style=\"text-align: center;\"><img decoding=\"async\" loading=\"lazy\" title=\"FRENTE ESCUELA NORMAL N\u00ba 9005\" src=\"https:\/\/ens9005-infd.mendoza.edu.ar\/sitio\/wp-content\/uploads\/2018\/08\/FIDELA_AMPARAN_.jpg\" alt=\"FRENTE ESCUELA NORMAL N\u00ba 9005\" width=\"173\" height=\"129\" border=\"0\"><\/div>\n<\/td>\n<\/tr>\n<tr style=\"background-color: #d2e3e3;\">\n<td colspan=\"3\"><a title=\"RES CARR TS AGRO\" href=\"upload\/Tecnicatura_superior_agronomica_Resolucion_284.pdf\" target=\"_blank\" rel=\"noopener\"><span style=\"font-family: comic sans ms,sans-serif; font-size: 8pt;\">Otra informaci\u00f3n importantes: Dise\u00f1o Curricular Provincial para la Tecnicatura Sup en Agronom\u00eda<\/span><\/a><\/td>\n<\/tr>\n<\/tbody>\n<\/table>\n<h4><\/h4>\n<h4>DURACI\u00d3N 3 A\u00d1OS<\/h4>\n<h4 style=\"text-align: left;\">ESPACIOS CURRICULARES<\/h4>\n<table border=\"1\" width=\"100%\" cellspacing=\"0\" cellpadding=\"7\">\n<colgroup>\n<col width=\"256*\"> <\/colgroup>\n<tbody>\n<tr>\n<td bgcolor=\"#9999cc\" width=\"100%\" height=\"53\">\n<p align=\"CENTER\"><span style=\"color: #ffffff;\"><span style=\"font-family: Arial Black, sans-serif;\"><span style=\"font-size: medium;\"><b>PRIMER A\u00d1O<\/b><\/span><\/span><\/span><\/p>\n<\/td>\n<\/tr>\n<tr>\n<td bgcolor=\"#ffffff\" width=\"100%\" height=\"53\">\n<p align=\"JUSTIFY\"><span style=\"font-family: Arial, sans-serif;\"><span style=\"font-size: medium;\"><span style=\"color: #222222;\">PRODUCCI\u00d3N VIT\u00cdCOLA<\/span><\/span><\/span><\/p>\n<p align=\"JUSTIFY\"><span style=\"font-family: Arial, sans-serif;\"><span style=\"font-size: medium;\"><span style=\"color: #222222;\">PRODUCCI\u00d3N FRUT\u00cdCOLA<\/span><\/span><\/span><\/p>\n<p align=\"JUSTIFY\"><span style=\"font-family: Arial, sans-serif;\"><span style=\"font-size: medium;\"><span style=\"color: #222222;\">PRODUCCI\u00d3N HORT\u00cdCOLA<\/span><\/span><\/span><\/p>\n<p align=\"JUSTIFY\"><span style=\"font-family: Arial, sans-serif;\"><span style=\"font-size: medium;\"><span style=\"color: #222222;\">PRODUCCI\u00d3N PORCINA<\/span><\/span><\/span><\/p>\n<p align=\"JUSTIFY\"><span style=\"font-family: Arial, sans-serif;\"><span style=\"font-size: medium;\"><span style=\"color: #222222;\">PRODUCCI\u00d3N BOVINA<\/span><\/span><\/span><\/p>\n<p align=\"JUSTIFY\"><span style=\"font-family: Arial, sans-serif;\"><span style=\"font-size: medium;\"><span style=\"color: #222222;\">EMPRENDEDORISMO Y AGRONEGOCIO<\/span><\/span><\/span><\/p>\n<p align=\"JUSTIFY\"><span style=\"font-family: Arial, sans-serif;\"><span style=\"font-size: medium;\"><span style=\"color: #222222;\">GESTI\u00d3N DE INSTALACIONES Y MAQUINARIAS AGROPECUARIAS<\/span><\/span><\/span><\/p>\n<p><span style=\"font-family: Arial, sans-serif;\"><span style=\"font-size: medium;\"><span style=\"color: #222222;\">ECOFISIOLOG\u00cdA DE LOS CULTIVOS<\/span><\/span><\/span><\/p>\n<p><span style=\"font-family: Arial, sans-serif;\"><span style=\"font-size: medium;\"><span style=\"color: #222222;\">MANEJO ECOL\u00d3GICO DE SUELOS<\/span><\/span><\/span><\/td>\n<\/tr>\n<\/tbody>\n<\/table>\n<table border=\"1\" width=\"100%\" cellspacing=\"0\" cellpadding=\"7\">\n<colgroup>\n<col width=\"256*\"> <\/colgroup>\n<tbody>\n<tr>\n<td bgcolor=\"#6699cc\" width=\"100%\" height=\"65\">\n<p align=\"CENTER\"><span style=\"color: #ffffff;\"><span style=\"font-family: Arial Black, sans-serif;\"><span style=\"font-size: medium;\"><b>SEGUNDO A\u00d1O<\/b><\/span><\/span><\/span><\/p>\n<\/td>\n<\/tr>\n<tr>\n<td bgcolor=\"#ffffff\" width=\"100%\" height=\"65\">\n<p align=\"JUSTIFY\"><span style=\"font-family: Arial, sans-serif;\"><span style=\"font-size: medium;\"><span style=\"color: #222222;\">MANEJO NUTRICIONAL ANIMAL<\/span><\/span><\/span><\/p>\n<p align=\"JUSTIFY\"><span style=\"font-family: Arial, sans-serif;\"><span style=\"font-size: medium;\"><span style=\"color: #222222;\">TERRITORIO Y DESARROLLO<\/span><\/span><\/span><\/p>\n<p><span style=\"font-family: Arial, sans-serif;\"><span style=\"font-size: medium;\"><span style=\"color: #222222;\">MANEJO REPRODUCTIVO ANIMAL<\/span><\/span><\/span><\/p>\n<p align=\"JUSTIFY\"><span style=\"font-family: Arial, sans-serif;\"><span style=\"font-size: medium;\"><span style=\"color: #222222;\">INNOVACI\u00d3N Y GESTI\u00d3N AGROPECUARIA<\/span><\/span><\/span><\/p>\n<p><span style=\"font-family: Arial, sans-serif;\"><span style=\"font-size: medium;\"><span style=\"color: #222222;\">MANEJO INTEGRADO DE PLAGAS Y ENFERMEDADES<\/span><\/span><\/span><\/p>\n<p align=\"JUSTIFY\"><span style=\"font-family: Arial, sans-serif;\"><span style=\"font-size: medium;\"><span style=\"color: #222222;\">MANEJO DE RIEGO Y DRENAJES<\/span><\/span><\/span><\/p>\n<p><span style=\"font-family: Arial, sans-serif;\"><span style=\"font-size: medium;\"><span style=\"color: #222222;\">PLANIFICACI\u00d3N DE RACIONES I<\/span><\/span><\/span><\/p>\n<p><span style=\"font-family: Arial, sans-serif;\"><span style=\"font-size: medium;\"><span style=\"color: #222222;\">MANEJO SANITARIO ANIMAL<\/span><\/span><\/span><\/td>\n<\/tr>\n<\/tbody>\n<\/table>\n<table border=\"1\" width=\"100%\" cellspacing=\"0\" cellpadding=\"7\">\n<colgroup>\n<col width=\"256*\"> <\/colgroup>\n<tbody>\n<tr>\n<td bgcolor=\"#6699cc\" width=\"100%\" height=\"56\">\n<p align=\"CENTER\"><span style=\"color: #ffffff;\"><span style=\"font-family: Arial, sans-serif;\"><span style=\"font-size: medium;\"><b>TERCER A\u00d1O<\/b><\/span><\/span><\/span><\/p>\n<\/td>\n<\/tr>\n<tr>\n<td width=\"100%\" height=\"56\"><span style=\"font-family: Arial, sans-serif;\"><span style=\"font-size: medium;\"><span style=\"color: #222222;\">ELABORACI\u00d3N DE PROYECTOS PRODUCTIVOS<\/span><\/span><\/span><\/p>\n<p><span style=\"font-family: Arial, sans-serif;\"><span style=\"font-size: medium;\"><span style=\"color: #222222;\">MANEJO DE COSECHA Y POSCOSECHA<\/span><\/span><\/span><\/p>\n<p><span style=\"font-family: Arial, sans-serif;\"><span style=\"font-size: medium;\"><span style=\"color: #222222;\">CONSERVAS DE FRUTAS Y HORTALIZAS<\/span><\/span><\/span><\/p>\n<p><span style=\"font-family: Arial, sans-serif;\"><span style=\"font-size: medium;\"><span style=\"color: #222222;\">GESTI\u00d3N DEL DESARROLLO SOSTENIBLE<\/span><\/span><\/span><\/p>\n<p><span style=\"font-family: Arial, sans-serif;\"><span style=\"font-size: medium;\"><span style=\"color: #222222;\">GESTI\u00d3N DE EMPRENDIMIENTOS<\/span><\/span><\/span><\/p>\n<p><span style=\"font-family: Arial, sans-serif;\"><span style=\"font-size: medium;\"><span style=\"color: #222222;\">PLANIFICACI\u00d3N DE RACIONES II<\/span><\/span><\/span><\/p>\n<p><span style=\"font-family: Arial, sans-serif;\"><span style=\"font-size: medium;\"><span style=\"color: #222222;\">PLANIFICACI\u00d3N DE RACIONES III<\/span><\/span><\/span><\/td>\n<\/tr>\n<\/tbody>\n<\/table>\n<p><span style=\"font-size: 12pt;\">&nbsp; PARA M\u00c1S INFORMACI\u00d3N click <a href=\"https:\/\/drive.google.com\/file\/d\/1w25iCMOv-L-NKvdUJZi-fZj-Oufu9wFu\/view?usp=sharing\">aqu\u00ed<\/a><\/span><\/p>\n","protected":false},"excerpt":{"rendered":"<p>\u00bfQu\u00e9 es la Tecnicatura Superior Agron\u00f3mica? En la Tecnicatura Superior Agron\u00f3mica se etudia e investiga sobre los aspectos ecofisiol\u00f3gicos&nbsp; de los cultivos, la econom\u00eda y comercializaci\u00f3n rural, la normativa y metodolog\u00eda para asegurar productos agropecuarios de calidad. Consulta el plan de estudios Estaci\u00f3n experimental propia para investigaci\u00f3n &nbsp; Desarrollo Profesional &nbsp; El T\u00e9cnico Superior en &#8230; <a title=\"Tecnicatura Superior Agron\u00f3mica\" class=\"read-more\" href=\"https:\/\/ens9005-infd.mendoza.edu.ar\/sitio\/tecnicatura-superior-agronomica\/\" aria-label=\"More on Tecnicatura Superior Agron\u00f3mica\">[+]<\/a><\/p>\n","protected":false},"author":163,"featured_media":0,"parent":0,"menu_order":0,"comment_status":"closed","ping_status":"closed","template":"","meta":[],"acf":[],"_links":{"self":[{"href":"https:\/\/ens9005-infd.mendoza.edu.ar\/sitio\/wp-json\/wp\/v2\/pages\/889"}],"collection":[{"href":"https:\/\/ens9005-infd.mendoza.edu.ar\/sitio\/wp-json\/wp\/v2\/pages"}],"about":[{"href":"https:\/\/ens9005-infd.mendoza.edu.ar\/sitio\/wp-json\/wp\/v2\/types\/page"}],"author":[{"embeddable":true,"href":"https:\/\/ens9005-infd.mendoza.edu.ar\/sitio\/wp-json\/wp\/v2\/users\/163"}],"replies":[{"embeddable":true,"href":"https:\/\/ens9005-infd.mendoza.edu.ar\/sitio\/wp-json\/wp\/v2\/comments?post=889"}],"version-history":[{"count":8,"href":"https:\/\/ens9005-infd.mendoza.edu.ar\/sitio\/wp-json\/wp\/v2\/pages\/889\/revisions"}],"predecessor-version":[{"id":1625,"href":"https:\/\/ens9005-infd.mendoza.edu.ar\/sitio\/wp-json\/wp\/v2\/pages\/889\/revisions\/1625"}],"wp:attachment":[{"href":"https:\/\/ens9005-infd.mendoza.edu.ar\/sitio\/wp-json\/wp\/v2\/media?parent=889"}],"curies":[{"name":"wp","href":"https:\/\/api.w.org\/{rel}","templated":true}]}}