{"id":875,"date":"2018-08-31T13:14:05","date_gmt":"2018-08-31T16:14:05","guid":{"rendered":"https:\/\/ens9005-mza.infd.edu.ar\/sitio\/ubicacion\/"},"modified":"2021-11-29T21:11:16","modified_gmt":"2021-11-30T00:11:16","slug":"ubicacion","status":"publish","type":"page","link":"https:\/\/ens9005-infd.mendoza.edu.ar\/sitio\/ubicacion\/","title":{"rendered":"Ubicaci\u00f3n"},"content":{"rendered":"<h3>&nbsp; &nbsp; &nbsp; &nbsp; &nbsp; &nbsp; &nbsp; &nbsp; &nbsp; &nbsp;La Escuela Fidela Ampar\u00e1n 9-005 est\u00e1 ubicada en una zona rural en la ruta provincial 50&nbsp;&nbsp; km. 935 de la villa cabecera de La Paz, &nbsp;( cercana a la estaci\u00f3n de GNC) departamento situado al noreste de la provincia de Mendoza.&nbsp;La mayor\u00eda de los estudiantes proviene de La Paz y Santa Rosa y algunos lo hacen desde San Mart\u00edn y Rivadavia.<\/h3>\n<p>&nbsp;<\/p>\n<p><img decoding=\"async\" loading=\"lazy\" class=\"size-medium wp-image-938 aligncenter\" src=\"https:\/\/ens9005-infd.mendoza.edu.ar\/sitio\/wp-content\/uploads\/2018\/11\/ubicaci\u00f3nfidela-1000x562.png\" alt=\"\" width=\"1000\" height=\"562\" srcset=\"https:\/\/ens9005-infd.mendoza.edu.ar\/sitio\/wp-content\/uploads\/2018\/11\/ubicaci\u00f3nfidela-1000x562.png 1000w, https:\/\/ens9005-infd.mendoza.edu.ar\/sitio\/wp-content\/uploads\/2018\/11\/ubicaci\u00f3nfidela-768x432.png 768w, https:\/\/ens9005-infd.mendoza.edu.ar\/sitio\/wp-content\/uploads\/2018\/11\/ubicaci\u00f3nfidela.png 1366w\" sizes=\"(max-width: 1000px) 100vw, 1000px\" \/><\/p>\n<h2 style=\"text-align: center;\"><a href=\"https:\/\/goo.gl\/maps\/5u5VDMtpLJ32\">https:\/\/goo.gl\/maps\/5u5VDMtpLJ32<\/a><\/h2>\n<p><img decoding=\"async\" loading=\"lazy\" class=\"size-medium wp-image-939 aligncenter\" src=\"https:\/\/ens9005-infd.mendoza.edu.ar\/sitio\/wp-content\/uploads\/2018\/11\/ubicaci\u00f3nfidelamapa-1000x562.png\" alt=\"\" width=\"1000\" height=\"562\" srcset=\"https:\/\/ens9005-infd.mendoza.edu.ar\/sitio\/wp-content\/uploads\/2018\/11\/ubicaci\u00f3nfidelamapa-1000x562.png 1000w, https:\/\/ens9005-infd.mendoza.edu.ar\/sitio\/wp-content\/uploads\/2018\/11\/ubicaci\u00f3nfidelamapa-768x432.png 768w, https:\/\/ens9005-infd.mendoza.edu.ar\/sitio\/wp-content\/uploads\/2018\/11\/ubicaci\u00f3nfidelamapa.png 1366w\" sizes=\"(max-width: 1000px) 100vw, 1000px\" \/><\/p>\n<p>&nbsp;<\/p>\n","protected":false},"excerpt":{"rendered":"<p>&nbsp; &nbsp; &nbsp; &nbsp; &nbsp; &nbsp; &nbsp; &nbsp; &nbsp; &nbsp;La Escuela Fidela Ampar\u00e1n 9-005 est\u00e1 ubicada en una zona rural en la ruta provincial 50&nbsp;&nbsp; km. 935 de la villa cabecera de La Paz, &nbsp;( cercana a la estaci\u00f3n de GNC) departamento situado al noreste de la provincia de Mendoza.&nbsp;La mayor\u00eda de los estudiantes proviene &#8230; <a title=\"Ubicaci\u00f3n\" class=\"read-more\" href=\"https:\/\/ens9005-infd.mendoza.edu.ar\/sitio\/ubicacion\/\" aria-label=\"More on Ubicaci\u00f3n\">[+]<\/a><\/p>\n","protected":false},"author":163,"featured_media":0,"parent":0,"menu_order":0,"comment_status":"closed","ping_status":"closed","template":"","meta":[],"acf":[],"_links":{"self":[{"href":"https:\/\/ens9005-infd.mendoza.edu.ar\/sitio\/wp-json\/wp\/v2\/pages\/875"}],"collection":[{"href":"https:\/\/ens9005-infd.mendoza.edu.ar\/sitio\/wp-json\/wp\/v2\/pages"}],"about":[{"href":"https:\/\/ens9005-infd.mendoza.edu.ar\/sitio\/wp-json\/wp\/v2\/types\/page"}],"author":[{"embeddable":true,"href":"https:\/\/ens9005-infd.mendoza.edu.ar\/sitio\/wp-json\/wp\/v2\/users\/163"}],"replies":[{"embeddable":true,"href":"https:\/\/ens9005-infd.mendoza.edu.ar\/sitio\/wp-json\/wp\/v2\/comments?post=875"}],"version-history":[{"count":3,"href":"https:\/\/ens9005-infd.mendoza.edu.ar\/sitio\/wp-json\/wp\/v2\/pages\/875\/revisions"}],"predecessor-version":[{"id":1594,"href":"https:\/\/ens9005-infd.mendoza.edu.ar\/sitio\/wp-json\/wp\/v2\/pages\/875\/revisions\/1594"}],"wp:attachment":[{"href":"https:\/\/ens9005-infd.mendoza.edu.ar\/sitio\/wp-json\/wp\/v2\/media?parent=875"}],"curies":[{"name":"wp","href":"https:\/\/api.w.org\/{rel}","templated":true}]}}