{"id":873,"date":"2018-08-31T13:14:04","date_gmt":"2018-08-31T16:14:04","guid":{"rendered":"https:\/\/ens9005-mza.infd.edu.ar\/sitio\/historia\/"},"modified":"2021-11-29T21:10:28","modified_gmt":"2021-11-30T00:10:28","slug":"historia","status":"publish","type":"page","link":"https:\/\/ens9005-infd.mendoza.edu.ar\/sitio\/historia\/","title":{"rendered":"Historia"},"content":{"rendered":"<p>Esta escuela fue creada mediante Resoluci\u00f3n N\u00b0 1055\/86 del Ministerio de Educaci\u00f3n y Justicia de la Naci\u00f3n, el 07 de mayo de 1986.<\/p>\n<p><a href=\"https:\/\/onedrive.live.com\/redir?resid=9FEE0569E2E953F6!1329&amp;authkey=!AFXfPPMBEWSNq2o&amp;ithint=file%2cdocx\">Posee el nombre de la primera docente que, con el cargo de preceptora de ni\u00f1as, dict\u00f3 clases en el distrito \u201cVilla Antigua\u201d, \u00a0del Departamento de La Paz en el siglo XIX (1866)-Clic-<\/a><\/p>\n<p>Como consecuencia de la transferencia de los servicios educativos de la Naci\u00f3n a la provincia en 1993, la Instituci\u00f3n pasa a depender de la Direcci\u00f3n General de Escuelas.<\/p>\n<p>La escuela ha funcionado primero en el edificio compartido con la escuela Ferrocarriles Argentinos y luego y\u00a0 hasta la fecha en un edificio compartido por\u00a0 dos instituciones, una de nivel primario, \u201cEscuela Severo Moreno\u201d que era parte\u00a0 de la Escuela Superior de Formaci\u00f3n Docente como Departamento de Aplicaci\u00f3n.<\/p>\n<p>No pocos fueron los escollos que debi\u00f3 franquear la Instituci\u00f3n de Nivel Superior desde sus inicios hasta la actualidad: inadecuada infraestructura, poco personal\u00a0 capacitado radicado en La Paz, carencia de material bibliogr\u00e1fico y did\u00e1ctico, etc.<\/p>\n<p>La instrumentaci\u00f3n a partir de 1993 del Programa de Transformaci\u00f3n de la Formaci\u00f3n Docente \u2013PTFD-, coincidente con la transferencia de los servicios educativos de la Naci\u00f3n a las Provincias, provoc\u00f3 en la Instituci\u00f3n cambios importantes y facilit\u00f3 la afluencia de profesionales capacitados desde San Luis, San Mart\u00edn\u00a0 y la ciudad de Mendoza. Sin olvidar los profesionales radicados en La Paz.<\/p>\n<p>Desde la perspectiva de la vida y la cultura institucional, nuestra escuela ha ido revalorizando progresivamente, a lo largo de los \u00faltimos meses, las formas democr\u00e1ticas de gobierno, gesti\u00f3n y participaci\u00f3n por parte de los diversos agentes que constituyen la comunidad educativa.<\/p>\n<p>Esta Unidad Educativa ha cumplido y cumple en estos veinticinco a\u00f1os\u00a0 una funci\u00f3n significativa en el medio, no s\u00f3lo por la propuesta\u00a0 curricular que ofrece, sino tambi\u00e9n porque se constituye en la \u00fanica Instituci\u00f3n de Formaci\u00f3n Superior en cien kil\u00f3metros a la redonda.<\/p>\n<p><strong>Carreras ofrecidas por la Escuela\u00a0 en los \u00faltimos 20 a\u00f1os<\/strong><\/p>\n<p>Profesorado de Ense\u00f1anza Primaria (PEP)-1986<\/p>\n<p>Profesorado de Ense\u00f1anza Preprimaria (PEPE)-1988<\/p>\n<p>Profesorado para la Ense\u00f1anza primaria\u00a0 1993<\/p>\n<p>(PTFD)<\/p>\n<p>Profesorado para la educaci\u00f3n inicial-1993<\/p>\n<p>(PTFD)<\/p>\n<p>Profesorado para la EGB 3 y para la<\/p>\n<p>Educaci\u00f3n Polimodal\u00a0 en Sociolog\u00eda-1999<\/p>\n<p style=\"text-align: left;\">Profesorado para la EGB3 y para la<\/p>\n<p>\u00a0Educaci\u00f3n Polimodal en Biolog\u00eda-2002<\/p>\n<p style=\"text-align: left;\">Profesorado para el 1\u00ba y 2\u00ba ciclo de la EGB.2005<\/p>\n<p style=\"text-align: left;\">Profesorado en Educaci\u00f3n Inicial\u00a0\u00a0(en Aula Sede. Santa Rosa)2006<\/p>\n<p><strong>Carreras de formaci\u00f3n T\u00e9cnica<\/strong><\/p>\n<p>Tecnicatura Superior en Producci\u00f3n Agr\u00edcola\u00a0 Ganadera con Orientaci\u00f3n Empresarial.1999<\/p>\n<p>Tecnicatura Superior en\u00a0Administraci\u00f3n y Producci\u00f3n Animal.2004<\/p>\n<p>Tecnicatura \u00a0Superior \u00a0en Dise\u00f1o y Gesti\u00f3n de Microemprendimientos Agrarios.2004<\/p>\n<p>Tecnicatura \u00a0Superior \u00a0\u00a0Agron\u00f3mica. 2007<\/p>\n<p>Tecnicatura \u00a0Superior \u00a0\u00a0en Computaci\u00f3n y Redes. 2016<\/p>\n","protected":false},"excerpt":{"rendered":"<p>Esta escuela fue creada mediante Resoluci\u00f3n N\u00b0 1055\/86 del Ministerio de Educaci\u00f3n y Justicia de la Naci\u00f3n, el 07 de mayo de 1986. Posee el nombre de la primera docente que, con el cargo de preceptora de ni\u00f1as, dict\u00f3 clases en el distrito \u201cVilla Antigua\u201d, \u00a0del Departamento de La Paz en el siglo XIX (1866)-Clic- &#8230; <a title=\"Historia\" class=\"read-more\" href=\"https:\/\/ens9005-infd.mendoza.edu.ar\/sitio\/historia\/\" aria-label=\"More on Historia\">[+]<\/a><\/p>\n","protected":false},"author":163,"featured_media":0,"parent":0,"menu_order":0,"comment_status":"closed","ping_status":"closed","template":"","meta":[],"acf":[],"_links":{"self":[{"href":"https:\/\/ens9005-infd.mendoza.edu.ar\/sitio\/wp-json\/wp\/v2\/pages\/873"}],"collection":[{"href":"https:\/\/ens9005-infd.mendoza.edu.ar\/sitio\/wp-json\/wp\/v2\/pages"}],"about":[{"href":"https:\/\/ens9005-infd.mendoza.edu.ar\/sitio\/wp-json\/wp\/v2\/types\/page"}],"author":[{"embeddable":true,"href":"https:\/\/ens9005-infd.mendoza.edu.ar\/sitio\/wp-json\/wp\/v2\/users\/163"}],"replies":[{"embeddable":true,"href":"https:\/\/ens9005-infd.mendoza.edu.ar\/sitio\/wp-json\/wp\/v2\/comments?post=873"}],"version-history":[{"count":3,"href":"https:\/\/ens9005-infd.mendoza.edu.ar\/sitio\/wp-json\/wp\/v2\/pages\/873\/revisions"}],"predecessor-version":[{"id":1593,"href":"https:\/\/ens9005-infd.mendoza.edu.ar\/sitio\/wp-json\/wp\/v2\/pages\/873\/revisions\/1593"}],"wp:attachment":[{"href":"https:\/\/ens9005-infd.mendoza.edu.ar\/sitio\/wp-json\/wp\/v2\/media?parent=873"}],"curies":[{"name":"wp","href":"https:\/\/api.w.org\/{rel}","templated":true}]}}