{"id":859,"date":"2018-08-31T13:13:59","date_gmt":"2018-08-31T16:13:59","guid":{"rendered":"https:\/\/ens9005-mza.infd.edu.ar\/sitio\/normativa\/"},"modified":"2021-11-29T21:18:29","modified_gmt":"2021-11-30T00:18:29","slug":"normativa","status":"publish","type":"page","link":"https:\/\/ens9005-infd.mendoza.edu.ar\/sitio\/normativa\/","title":{"rendered":"NORMATIVA"},"content":{"rendered":"<ul>\n<li>\n<h4>Normativas Generales:<\/h4>\n<h4>Contiene: Ley Educaci\u00f3n&nbsp; Nacional; Ley Educaci\u00f3n Provincial<\/h4>\n<\/li>\n<li>\n<h4><a href=\"http:\/\/www.mendoza.edu.ar\/wp-content\/uploads\/2018\/04\/Decreto-530.pdf\">Decreto 530:<\/a><\/h4>\n<h4><a href=\"https:\/\/drive.google.com\/file\/d\/1SBpYOa58pMDRmU7zSED1VfxUBrGUAOk9\/view?usp=sharing\">Resoluci\u00f3n 123\/18<\/a><\/h4>\n<h4><a href=\"https:\/\/drive.google.com\/file\/d\/1dStIvOrvP-OnlnNNJ3Kx9uF5nbHq5oYj\/view?usp=sharing\">Resoluci\u00f3n 115\/18<\/a><\/h4>\n<\/li>\n<li>\n<h4><a href=\"http:\/\/upload\/Educacion_Tecnico_Profesional_HOY_2014.pdf\">La Educaci\u00f3n T\u00e9cnica en el Nivel Superior<\/a><\/h4>\n<\/li>\n<li>\n<h4><a href=\"http:\/\/upload\/Requisitos_establecidos_en_la_ley_5811_sobre_la_presentacion_de_licencias.pdf\">Ley 5811: Requisitos Licencias.<\/a><\/h4>\n<\/li>\n<li>\n<h4><a href=\"https:\/\/drive.google.com\/file\/d\/1N4JhhBi7TiYoi4HUzr6Fr_Afk1ebn8QG\/view?usp=sharing\">RAM<\/a>.<\/h4>\n<\/li>\n<li>\n<h4><strong><a href=\"https:\/\/drive.google.com\/file\/d\/1aaTcFABQ8pV8PtYz3XochTjsRaCQDIQW\/view?usp=sharing\">Resoluci\u00f3n 212<\/a><\/strong><\/h4>\n<\/li>\n<\/ul>\n","protected":false},"excerpt":{"rendered":"<p>Normativas Generales: Contiene: Ley Educaci\u00f3n&nbsp; Nacional; Ley Educaci\u00f3n Provincial Decreto 530: Resoluci\u00f3n 123\/18 Resoluci\u00f3n 115\/18 La Educaci\u00f3n T\u00e9cnica en el Nivel Superior Ley 5811: Requisitos Licencias. RAM. Resoluci\u00f3n 212<\/p>\n","protected":false},"author":163,"featured_media":0,"parent":0,"menu_order":0,"comment_status":"closed","ping_status":"closed","template":"","meta":[],"acf":[],"_links":{"self":[{"href":"https:\/\/ens9005-infd.mendoza.edu.ar\/sitio\/wp-json\/wp\/v2\/pages\/859"}],"collection":[{"href":"https:\/\/ens9005-infd.mendoza.edu.ar\/sitio\/wp-json\/wp\/v2\/pages"}],"about":[{"href":"https:\/\/ens9005-infd.mendoza.edu.ar\/sitio\/wp-json\/wp\/v2\/types\/page"}],"author":[{"embeddable":true,"href":"https:\/\/ens9005-infd.mendoza.edu.ar\/sitio\/wp-json\/wp\/v2\/users\/163"}],"replies":[{"embeddable":true,"href":"https:\/\/ens9005-infd.mendoza.edu.ar\/sitio\/wp-json\/wp\/v2\/comments?post=859"}],"version-history":[{"count":10,"href":"https:\/\/ens9005-infd.mendoza.edu.ar\/sitio\/wp-json\/wp\/v2\/pages\/859\/revisions"}],"predecessor-version":[{"id":1600,"href":"https:\/\/ens9005-infd.mendoza.edu.ar\/sitio\/wp-json\/wp\/v2\/pages\/859\/revisions\/1600"}],"wp:attachment":[{"href":"https:\/\/ens9005-infd.mendoza.edu.ar\/sitio\/wp-json\/wp\/v2\/media?parent=859"}],"curies":[{"name":"wp","href":"https:\/\/api.w.org\/{rel}","templated":true}]}}