{"id":847,"date":"2018-08-31T13:13:54","date_gmt":"2018-08-31T16:13:54","guid":{"rendered":"https:\/\/ens9005-mza.infd.edu.ar\/sitio\/informacion-alumnos\/"},"modified":"2024-12-09T17:16:55","modified_gmt":"2024-12-09T20:16:55","slug":"informacion-alumnos","status":"publish","type":"page","link":"https:\/\/ens9005-infd.mendoza.edu.ar\/sitio\/informacion-alumnos\/","title":{"rendered":"INFORMACI\u00d3N ALUMNOS"},"content":{"rendered":"<h2 style=\"text-align: center;\"><img decoding=\"async\" loading=\"lazy\" class=\"alignnone size-medium wp-image-1983\" src=\"https:\/\/ens9005-infd.mendoza.edu.ar\/sitio\/wp-content\/uploads\/2024\/10\/lafide-707x1000.jpg\" alt=\"\" width=\"707\" height=\"1000\" srcset=\"https:\/\/ens9005-infd.mendoza.edu.ar\/sitio\/wp-content\/uploads\/2024\/10\/lafide-707x1000.jpg 707w, https:\/\/ens9005-infd.mendoza.edu.ar\/sitio\/wp-content\/uploads\/2024\/10\/lafide-1343x1900.jpg 1343w, https:\/\/ens9005-infd.mendoza.edu.ar\/sitio\/wp-content\/uploads\/2024\/10\/lafide-768x1086.jpg 768w, https:\/\/ens9005-infd.mendoza.edu.ar\/sitio\/wp-content\/uploads\/2024\/10\/lafide-1086x1536.jpg 1086w, https:\/\/ens9005-infd.mendoza.edu.ar\/sitio\/wp-content\/uploads\/2024\/10\/lafide.jpg 1414w\" sizes=\"(max-width: 707px) 100vw, 707px\" \/><\/h2>\n<h2 style=\"text-align: center;\">Requisitos para la inscripci\u00f3n a primer a\u00f1o:<\/h2>\n<p style=\"text-align: center;\"><a href=\"https:\/\/drive.google.com\/file\/d\/10wb7uYdgXiQLgEUNtNY2P16UkmpwlFdN\/view?usp=drivesdk\" target=\"_blank\" rel=\"noopener\">Formulario para ingreso a primer a\u00f1o. Click aqu\u00ed<\/a><\/p>\n<h4><\/h4>\n<h4 style=\"text-align: center;\">Inf\u00f3rmate personalmente en:<\/h4>\n<h4 style=\"text-align: center;\">Ruta 50. Km 935. LA PAZ<\/h4>\n<h4 style=\"text-align: center;\">de 15 a 20 hs.<\/h4>\n<h4 style=\"text-align: center;\">o puedes contactarte:<\/h4>\n<h4 style=\"text-align: center;\">e-mail: dge9005@mendoza.edu.ar<\/h4>\n<h4 style=\"text-align: center;\">cel: 0263- 154616101<\/h4>\n","protected":false},"excerpt":{"rendered":"<p>Requisitos para la inscripci\u00f3n a primer a\u00f1o: Formulario para ingreso a primer a\u00f1o. Click aqu\u00ed Inf\u00f3rmate personalmente en: Ruta 50. Km 935. LA PAZ de 15 a 20 hs. o puedes contactarte: e-mail: dge9005@mendoza.edu.ar cel: 0263- 154616101<\/p>\n","protected":false},"author":163,"featured_media":0,"parent":0,"menu_order":0,"comment_status":"closed","ping_status":"closed","template":"","meta":[],"acf":[],"_links":{"self":[{"href":"https:\/\/ens9005-infd.mendoza.edu.ar\/sitio\/wp-json\/wp\/v2\/pages\/847"}],"collection":[{"href":"https:\/\/ens9005-infd.mendoza.edu.ar\/sitio\/wp-json\/wp\/v2\/pages"}],"about":[{"href":"https:\/\/ens9005-infd.mendoza.edu.ar\/sitio\/wp-json\/wp\/v2\/types\/page"}],"author":[{"embeddable":true,"href":"https:\/\/ens9005-infd.mendoza.edu.ar\/sitio\/wp-json\/wp\/v2\/users\/163"}],"replies":[{"embeddable":true,"href":"https:\/\/ens9005-infd.mendoza.edu.ar\/sitio\/wp-json\/wp\/v2\/comments?post=847"}],"version-history":[{"count":39,"href":"https:\/\/ens9005-infd.mendoza.edu.ar\/sitio\/wp-json\/wp\/v2\/pages\/847\/revisions"}],"predecessor-version":[{"id":2037,"href":"https:\/\/ens9005-infd.mendoza.edu.ar\/sitio\/wp-json\/wp\/v2\/pages\/847\/revisions\/2037"}],"wp:attachment":[{"href":"https:\/\/ens9005-infd.mendoza.edu.ar\/sitio\/wp-json\/wp\/v2\/media?parent=847"}],"curies":[{"name":"wp","href":"https:\/\/api.w.org\/{rel}","templated":true}]}}