{"id":837,"date":"2018-08-31T13:13:48","date_gmt":"2018-08-31T16:13:48","guid":{"rendered":"https:\/\/ens9005-mza.infd.edu.ar\/sitio\/otros-proyectos-institucionales\/"},"modified":"2024-10-22T20:09:40","modified_gmt":"2024-10-22T23:09:40","slug":"otros-proyectos-institucionales","status":"publish","type":"page","link":"https:\/\/ens9005-infd.mendoza.edu.ar\/sitio\/otros-proyectos-institucionales\/","title":{"rendered":"PROYECTOS INSTITUCIONALES"},"content":{"rendered":"\n<div class=\"wp-block-group is-layout-constrained\"><div class=\"wp-block-group__inner-container\">\n<table border=\"0\" align=\"center\">\n<tbody>\n<tr align=\"center\" valign=\"top\">\n<td>\n<h2><span style=\"color: #000080;\">ESTACI\u00d3N EXPERIMENTAL<\/span><\/h2>\n<h5>Nuestra Escuela cuenta con una ESTACI\u00d3N EXPERIMENTAL EDUCATIVA, PRODUCTIVA Y DE INVESTIGACI\u00d3N.<br \/>Aqu\u00ed\u00a0 los alumnos realizan las pr\u00e1cticas\u00a0 de horticultura, viticultura, fruticultura y forraje, contando con\u00a0 una represa y sistema de riego por goteo.<\/h5>\n<h5>Jefe de C\u00e1tedra: Dr Ing Agr. Jorge Riveros<\/h5>\n<\/td>\n<td valign=\"top\"><img decoding=\"async\" loading=\"lazy\" src=\"https:\/\/ens9005-infd.mendoza.edu.ar\/sitio\/wp-content\/uploads\/2018\/08\/cultivo_de_hortaliza.jpg\" alt=\"\" width=\"640\" height=\"480\" \/><\/td>\n<\/tr>\n<tr align=\"left\" valign=\"top\">\n<td>\n<h2 style=\"text-align: center;\"><span style=\"color: #000080;\">Servicio Institucional\u00a0 de Orientaci\u00f3n<\/span><\/h2>\n<h5>El\u00a0 S.I.O\u00a0 de la Escuela Normal Superior Fidela Ampar\u00e1n tiene por finalidad\u00a0 la de acompa\u00f1ar las trayectorias\u00a0 estudiantiles para una permanencia y egreso exitoso.<\/h5>\n<h5>El equipo interdisciplinario est\u00e1 compuesto por:<\/h5>\n<ul>\n<li>\n<h5>\u00c1rea de trabajo social:\u00a0 Lic. Silvia Lobos.<\/h5>\n<\/li>\n<\/ul>\n<\/td>\n<td align=\"right\" valign=\"middle\"><img decoding=\"async\" loading=\"lazy\" src=\"https:\/\/ens9005-infd.mendoza.edu.ar\/sitio\/wp-content\/uploads\/2018\/08\/WEB-1000x801.jpg\" alt=\"\" width=\"1000\" height=\"801\" \/><\/td>\n<\/tr>\n<tr align=\"left\" valign=\"top\">\n<td align=\"left\" valign=\"top\">\u00a0<\/td>\n<td align=\"right\" valign=\"middle\">\u00a0<\/td>\n<\/tr>\n<\/tbody>\n<\/table>\n<\/div><\/div>\n","protected":false},"excerpt":{"rendered":"<p>ESTACI\u00d3N EXPERIMENTAL Nuestra Escuela cuenta con una ESTACI\u00d3N EXPERIMENTAL EDUCATIVA, PRODUCTIVA Y DE INVESTIGACI\u00d3N.Aqu\u00ed\u00a0 los alumnos realizan las pr\u00e1cticas\u00a0 de horticultura, viticultura, fruticultura y forraje, contando con\u00a0 una represa y sistema de riego por goteo. Jefe de C\u00e1tedra: Dr Ing Agr. Jorge Riveros Servicio Institucional\u00a0 de Orientaci\u00f3n El\u00a0 S.I.O\u00a0 de la Escuela Normal Superior Fidela &#8230; <a title=\"PROYECTOS INSTITUCIONALES\" class=\"read-more\" href=\"https:\/\/ens9005-infd.mendoza.edu.ar\/sitio\/otros-proyectos-institucionales\/\" aria-label=\"More on PROYECTOS INSTITUCIONALES\">[+]<\/a><\/p>\n","protected":false},"author":163,"featured_media":0,"parent":0,"menu_order":0,"comment_status":"closed","ping_status":"closed","template":"","meta":[],"acf":[],"_links":{"self":[{"href":"https:\/\/ens9005-infd.mendoza.edu.ar\/sitio\/wp-json\/wp\/v2\/pages\/837"}],"collection":[{"href":"https:\/\/ens9005-infd.mendoza.edu.ar\/sitio\/wp-json\/wp\/v2\/pages"}],"about":[{"href":"https:\/\/ens9005-infd.mendoza.edu.ar\/sitio\/wp-json\/wp\/v2\/types\/page"}],"author":[{"embeddable":true,"href":"https:\/\/ens9005-infd.mendoza.edu.ar\/sitio\/wp-json\/wp\/v2\/users\/163"}],"replies":[{"embeddable":true,"href":"https:\/\/ens9005-infd.mendoza.edu.ar\/sitio\/wp-json\/wp\/v2\/comments?post=837"}],"version-history":[{"count":7,"href":"https:\/\/ens9005-infd.mendoza.edu.ar\/sitio\/wp-json\/wp\/v2\/pages\/837\/revisions"}],"predecessor-version":[{"id":1973,"href":"https:\/\/ens9005-infd.mendoza.edu.ar\/sitio\/wp-json\/wp\/v2\/pages\/837\/revisions\/1973"}],"wp:attachment":[{"href":"https:\/\/ens9005-infd.mendoza.edu.ar\/sitio\/wp-json\/wp\/v2\/media?parent=837"}],"curies":[{"name":"wp","href":"https:\/\/api.w.org\/{rel}","templated":true}]}}