{"id":286,"date":"2016-10-31T13:17:59","date_gmt":"2016-10-31T16:17:59","guid":{"rendered":"https:\/\/ens9005-mza.infd.edu.ar\/sitio\/?page_id=286"},"modified":"2025-10-30T16:34:01","modified_gmt":"2025-10-30T19:34:01","slug":"inicio","status":"publish","type":"page","link":"https:\/\/ens9005-infd.mendoza.edu.ar\/sitio\/","title":{"rendered":"Inicio"},"content":{"rendered":"<h2 style=\"padding: 0 40px; text-align: center; color: #003366; font-weight: bold;\">O F E R T A\u00a0\u00a0\u00a0E D U C A T I V A\u00a0\u00a0\u00a02 0 2 6<\/h2>\n<table class=\"aligncenter\" style=\"height: 377px; width: 553px; border-spacing: 0px; text-align: center;\">\n<tbody>\n<tr>\n<td style=\"padding: 5px;\" width=\"190\"><a href=\"https:\/\/ens9005-infd.mendoza.edu.ar\/sitio\/profesorado-de-educacion-primaria-2\/\"><img decoding=\"async\" loading=\"lazy\" class=\"alignnone size-full wp-image-1808\" style=\"width: 100%; height: auto;\" src=\"https:\/\/ens9005-infd.mendoza.edu.ar\/sitio\/wp-content\/uploads\/2024\/10\/iconoPEP.jpg\" alt=\"Profesorado de Educaci\u00f3n Primaria\" width=\"500\" height=\"500\" \/><\/a><\/td>\n<td style=\"padding: 5px;\" width=\"190\"><a href=\"https:\/\/ens9005-infd.mendoza.edu.ar\/sitio\/prof-de-educacion-especial\/\"><img decoding=\"async\" loading=\"lazy\" class=\"alignnone size-full wp-image-1807\" style=\"width: 100%; height: auto;\" src=\"https:\/\/ens9005-infd.mendoza.edu.ar\/sitio\/wp-content\/uploads\/2024\/10\/iconoPEE.jpg\" alt=\"Profesorado de Educaci\u00f3n Especial\" width=\"500\" height=\"500\" \/><\/a><\/td>\n<td style=\"padding: 5px;\" width=\"190\"><a href=\"https:\/\/ens9005-infd.mendoza.edu.ar\/sitio\/profesorado-de-educacion-secundaria-en-biologia\/\"><img decoding=\"async\" loading=\"lazy\" class=\"alignnone size-full wp-image-1809\" style=\"width: 100%; height: auto;\" src=\"https:\/\/ens9005-infd.mendoza.edu.ar\/sitio\/wp-content\/uploads\/2024\/10\/iconoPESB.jpg\" alt=\"Profesorado de Educaci\u00f3n Secundaria en Biolog\u00eda\" width=\"500\" height=\"500\" \/><\/a><\/td>\n<\/tr>\n<tr>\n<td style=\"padding: 5px;\" width=\"190\"><a href=\"https:\/\/ens9005-infd.mendoza.edu.ar\/sitio\/profesorado-de-educacion-secundaria-de-la-modalidad-tecnico-profesional-en-concurrencia-con-el-titulo-de-base\/\"><img decoding=\"async\" loading=\"lazy\" class=\"alignnone size-full wp-image-1810\" style=\"width: 100%; height: auto;\" src=\"https:\/\/ens9005-infd.mendoza.edu.ar\/sitio\/wp-content\/uploads\/2024\/10\/iconoProTec.jpg\" alt=\"Profesorado para T\u00e9cnicos\" width=\"500\" height=\"500\" \/><\/a><\/td>\n<td style=\"padding: 5px;\" width=\"190\"><a href=\"https:\/\/ens9005-infd.mendoza.edu.ar\/sitio\/formacion-profesional-en-software\/\"><img decoding=\"async\" loading=\"lazy\" class=\"alignnone size-full wp-image-1806\" style=\"width: 100%; height: auto;\" src=\"https:\/\/ens9005-infd.mendoza.edu.ar\/sitio\/wp-content\/uploads\/2024\/10\/iconoFPsoft.jpg\" alt=\"Formaci\u00f3n Profesional en Software\" width=\"500\" height=\"500\" \/><\/a><\/td>\n<td style=\"padding: 5px;\" width=\"190\"><a href=\"https:\/\/ens9005-infd.mendoza.edu.ar\/sitio\/formacion-profesional-en-agronomia\/\"><img decoding=\"async\" loading=\"lazy\" class=\"alignnone size-full wp-image-1805\" style=\"width: 100%; height: auto;\" src=\"https:\/\/ens9005-infd.mendoza.edu.ar\/sitio\/wp-content\/uploads\/2024\/10\/iconoFPApi.jpg\" alt=\"Formaci\u00f3n Profesional en Apicultura\" width=\"500\" height=\"500\" \/><\/a><\/td>\n<\/tr>\n<\/tbody>\n<\/table>\n<hr \/>\n<p>Tambi\u00e9n te puede interesar:<\/p>\n<p><b>Especializaci\u00f3n Docente de Nivel Superior en Historia y Geograf\u00eda<\/b><\/p>\n<p>Post\u00edtulo, modalidad combinada. Duraci\u00f3n aproximanda 2o meses.<\/p>\n<hr \/>\n<h4><span style=\"color: #000080;\">Inscripciones abiertas al ciclo lectivo 2026:<\/span><\/h4>\n<p><a href=\"https:\/\/docs.google.com\/forms\/d\/e\/1FAIpQLScPIQAm_j31RKwqtLSPDSDD6jTzvwRLD3hutDCBNqDJeB7Qrg\/viewform?usp=sharing&amp;ouid=111306358884769871355\">hace click aqu\u00ed<\/a><\/p>\n<hr \/>\n<blockquote>\n<p>El Equipo Directivo del Instituto de Educaci\u00f3n Superior N\u00b0 9-005 Fidela Ampar\u00e1n notifica todos los miembros de la comunidad educativa que se encuentran disponibles para su consulta los padrones definitivos, con motivo de la normalizaci\u00f3n del Consejo Directivo.\u00a0<br \/>Los mismos se pueden consultar en la p\u00e1gina institucional, disponible en https:\/\/ens9005-infd.mendoza.edu.ar\/sitio\/ tambi\u00e9n de manera presencial, en las instalaciones de la sede central, situada en Ruta Provincial 50 km 935 de la Ciudad de La Paz.<\/p>\n<\/blockquote>\n<ul>\n<li><a href=\"https:\/\/docs.google.com\/spreadsheets\/d\/1nb578qj4_-ftSlBJYS43UDCAMstgOzKv\/edit?usp=drivesdk&amp;ouid=108339531949760436448&amp;rtpof=true&amp;sd=true|\">Padr\u00f3n definitivo<\/a><\/li>\n<\/ul>\n<hr \/>\n<p>&nbsp;<\/p>\n<div id=\"metaslider-id-1004\" style=\"width: 100%; margin: 0 auto;\" class=\"ml-slider-3-33-0 metaslider metaslider-flex metaslider-1004 ml-slider ms-theme-cubic has-dots-nav\" role=\"region\" aria-roledescription=\"Slideshow\" aria-label=\"Slideshow\">\n    <div id=\"metaslider_container_1004\">\n        <div id=\"metaslider_1004\" class=\"flexslider\">\n            <ul aria-live=\"polite\" class=\"slides\">\n                <li style=\"display: block; width: 100%;\" class=\"slide-1939 ms-image\" aria-roledescription=\"slide\" aria-label=\"slide-1939\"><img src=\"https:\/\/ens9005-infd.mendoza.edu.ar\/sitio\/wp-content\/uploads\/2024\/10\/WhatsApp-Image-2024-10-22-at-13.49.08-1-1080x450.jpeg\" height=\"500\" width=\"1200\" alt=\"\" class=\"slider-1004 slide-1939\" title=\"WhatsApp Image 2024-10-22 at 13.49.08\" \/><\/li>\n                <li style=\"display: none; width: 100%;\" class=\"slide-1429 ms-image\" aria-roledescription=\"slide\" aria-label=\"slide-1429\"><img src=\"https:\/\/ens9005-infd.mendoza.edu.ar\/sitio\/wp-content\/uploads\/2020\/12\/WhatsApp-Image-2020-12-16-at-1.04.41-PM-1200x500.jpeg\" height=\"500\" width=\"1200\" alt=\"\" class=\"slider-1004 slide-1429\" title=\"WhatsApp Image 2020-12-16 at 1.04.41 PM\" \/><\/li>\n                <li style=\"display: none; width: 100%;\" class=\"slide-1430 ms-image\" aria-roledescription=\"slide\" aria-label=\"slide-1430\"><img src=\"https:\/\/ens9005-infd.mendoza.edu.ar\/sitio\/wp-content\/uploads\/2020\/12\/WhatsApp-Image-2020-12-17-at-1.29.18-PM-1200x500.jpeg\" height=\"500\" width=\"1200\" alt=\"\" class=\"slider-1004 slide-1430\" title=\"WhatsApp Image 2020-12-17 at 1.29.18 PM\" \/><\/li>\n                <li style=\"display: none; width: 100%;\" class=\"slide-1431 ms-image\" aria-roledescription=\"slide\" aria-label=\"slide-1431\"><img src=\"https:\/\/ens9005-infd.mendoza.edu.ar\/sitio\/wp-content\/uploads\/2020\/12\/WhatsApp-Image-2020-12-17-at-1.29.19-PM-1-1200x500.jpeg\" height=\"500\" width=\"1200\" alt=\"\" class=\"slider-1004 slide-1431\" title=\"WhatsApp Image 2020-12-17 at 1.29.19 PM (1)\" \/><\/li>\n                <li style=\"display: none; width: 100%;\" class=\"slide-1914 ms-image\" aria-roledescription=\"slide\" aria-label=\"slide-1914\"><img src=\"https:\/\/ens9005-infd.mendoza.edu.ar\/sitio\/wp-content\/uploads\/2024\/10\/WhatsApp-Image-2024-10-22-at-14.11.31-1-1200x500.jpeg\" height=\"500\" width=\"1200\" alt=\"\" class=\"slider-1004 slide-1914\" title=\"WhatsApp Image 2024-10-22 at 14.11.31 (1)\" \/><\/li>\n                <li style=\"display: none; width: 100%;\" class=\"slide-1915 ms-image\" aria-roledescription=\"slide\" aria-label=\"slide-1915\"><img src=\"https:\/\/ens9005-infd.mendoza.edu.ar\/sitio\/wp-content\/uploads\/2024\/10\/WhatsApp-Image-2024-10-22-at-14.11.31-1200x500.jpeg\" height=\"500\" width=\"1200\" alt=\"\" class=\"slider-1004 slide-1915\" title=\"WhatsApp Image 2024-10-22 at 14.11.31\" \/><\/li>\n                <li style=\"display: none; width: 100%;\" class=\"slide-1916 ms-image\" aria-roledescription=\"slide\" aria-label=\"slide-1916\"><img src=\"https:\/\/ens9005-infd.mendoza.edu.ar\/sitio\/wp-content\/uploads\/2024\/10\/WhatsApp-Image-2024-10-22-at-14.14.52-1200x500.jpeg\" height=\"500\" width=\"1200\" alt=\"\" class=\"slider-1004 slide-1916\" title=\"WhatsApp Image 2024-10-22 at 14.14.52\" \/><\/li>\n                <li style=\"display: none; width: 100%;\" class=\"slide-1920 ms-image\" aria-roledescription=\"slide\" aria-label=\"slide-1920\"><img src=\"https:\/\/ens9005-infd.mendoza.edu.ar\/sitio\/wp-content\/uploads\/2022\/03\/WhatsApp-Image-2022-03-16-at-10.25.22-1152x479.jpeg\" height=\"500\" width=\"1200\" alt=\"\" class=\"slider-1004 slide-1920\" title=\"WhatsApp Image 2022-03-16 at 10.25.22\" \/><\/li>\n                <li style=\"display: none; width: 100%;\" class=\"slide-1927 ms-image\" aria-roledescription=\"slide\" aria-label=\"slide-1927\"><img src=\"https:\/\/ens9005-infd.mendoza.edu.ar\/sitio\/wp-content\/uploads\/2024\/10\/WhatsApp-Image-2024-08-16-at-22.30.04-1200x500.jpeg\" height=\"500\" width=\"1200\" alt=\"\" class=\"slider-1004 slide-1927\" title=\"WhatsApp Image 2024-08-16 at 22.30.04\" \/><\/li>\n                <li style=\"display: none; width: 100%;\" class=\"slide-1928 ms-image\" aria-roledescription=\"slide\" aria-label=\"slide-1928\"><img src=\"https:\/\/ens9005-infd.mendoza.edu.ar\/sitio\/wp-content\/uploads\/2024\/10\/WhatsApp-Image-2024-08-04-at-13.44.32-1156x481.jpeg\" height=\"500\" width=\"1200\" alt=\"\" class=\"slider-1004 slide-1928\" title=\"WhatsApp Image 2024-08-04 at 13.44.32\" \/><\/li>\n                <li style=\"display: none; width: 100%;\" class=\"slide-1929 ms-image\" aria-roledescription=\"slide\" aria-label=\"slide-1929\"><img src=\"https:\/\/ens9005-infd.mendoza.edu.ar\/sitio\/wp-content\/uploads\/2024\/10\/WhatsApp-Image-2024-08-04-at-13.44.28-1156x481.jpeg\" height=\"500\" width=\"1200\" alt=\"\" class=\"slider-1004 slide-1929\" title=\"WhatsApp Image 2024-08-04 at 13.44.28\" \/><\/li>\n                <li style=\"display: none; width: 100%;\" class=\"slide-1930 ms-image\" aria-roledescription=\"slide\" aria-label=\"slide-1930\"><img src=\"https:\/\/ens9005-infd.mendoza.edu.ar\/sitio\/wp-content\/uploads\/2024\/10\/WhatsApp-Image-2024-08-04-at-13.43.05-1156x481.jpeg\" height=\"500\" width=\"1200\" alt=\"\" class=\"slider-1004 slide-1930\" title=\"WhatsApp Image 2024-08-04 at 13.43.05\" \/><\/li>\n                <li style=\"display: none; width: 100%;\" class=\"slide-1931 ms-image\" aria-roledescription=\"slide\" aria-label=\"slide-1931\"><img src=\"https:\/\/ens9005-infd.mendoza.edu.ar\/sitio\/wp-content\/uploads\/2024\/10\/WhatsApp-Image-2024-08-04-at-13.42.55-1156x481.jpeg\" height=\"500\" width=\"1200\" alt=\"\" class=\"slider-1004 slide-1931\" title=\"WhatsApp Image 2024-08-04 at 13.42.55\" \/><\/li>\n            <\/ul>\n        <\/div>\n        \n    <\/div>\n<\/div>\n","protected":false},"excerpt":{"rendered":"<p>O F E R T A\u00a0\u00a0\u00a0E D U C A T I V A\u00a0\u00a0\u00a02 0 2 6 Tambi\u00e9n te puede interesar: Especializaci\u00f3n Docente de Nivel Superior en Historia y Geograf\u00eda Post\u00edtulo, modalidad combinada. Duraci\u00f3n aproximanda 2o meses. Inscripciones abiertas al ciclo lectivo 2026: hace click aqu\u00ed El Equipo Directivo del Instituto de Educaci\u00f3n Superior N\u00b0 &#8230; <a title=\"Inicio\" class=\"read-more\" href=\"https:\/\/ens9005-infd.mendoza.edu.ar\/sitio\/\" aria-label=\"More on Inicio\">[+]<\/a><\/p>\n","protected":false},"author":163,"featured_media":0,"parent":0,"menu_order":0,"comment_status":"closed","ping_status":"closed","template":"","meta":[],"acf":[],"_links":{"self":[{"href":"https:\/\/ens9005-infd.mendoza.edu.ar\/sitio\/wp-json\/wp\/v2\/pages\/286"}],"collection":[{"href":"https:\/\/ens9005-infd.mendoza.edu.ar\/sitio\/wp-json\/wp\/v2\/pages"}],"about":[{"href":"https:\/\/ens9005-infd.mendoza.edu.ar\/sitio\/wp-json\/wp\/v2\/types\/page"}],"author":[{"embeddable":true,"href":"https:\/\/ens9005-infd.mendoza.edu.ar\/sitio\/wp-json\/wp\/v2\/users\/163"}],"replies":[{"embeddable":true,"href":"https:\/\/ens9005-infd.mendoza.edu.ar\/sitio\/wp-json\/wp\/v2\/comments?post=286"}],"version-history":[{"count":442,"href":"https:\/\/ens9005-infd.mendoza.edu.ar\/sitio\/wp-json\/wp\/v2\/pages\/286\/revisions"}],"predecessor-version":[{"id":2086,"href":"https:\/\/ens9005-infd.mendoza.edu.ar\/sitio\/wp-json\/wp\/v2\/pages\/286\/revisions\/2086"}],"wp:attachment":[{"href":"https:\/\/ens9005-infd.mendoza.edu.ar\/sitio\/wp-json\/wp\/v2\/media?parent=286"}],"curies":[{"name":"wp","href":"https:\/\/api.w.org\/{rel}","templated":true}]}}