{"id":1342,"date":"2020-04-04T16:09:12","date_gmt":"2020-04-04T19:09:12","guid":{"rendered":"https:\/\/ens9005-mza.infd.edu.ar\/sitio\/?page_id=1342"},"modified":"2021-11-29T21:18:55","modified_gmt":"2021-11-30T00:18:55","slug":"bienvenida-al-campus-virtual","status":"publish","type":"page","link":"https:\/\/ens9005-infd.mendoza.edu.ar\/sitio\/bienvenida-al-campus-virtual\/","title":{"rendered":"Bienvenida al Campus Virtual"},"content":{"rendered":"<p><img decoding=\"async\" loading=\"lazy\" class=\"alignnone size-full wp-image-1081 alignleft\" src=\"https:\/\/ens9005-infd.mendoza.edu.ar\/sitio\/wp-content\/uploads\/2018\/12\/logoanimado200.gif\" alt=\"\" width=\"200\" height=\"308\"><\/p>\n<h2 align=\"RIGHT\"><\/h2>\n<h2 align=\"RIGHT\"><\/h2>\n<h2 align=\"RIGHT\"><span style=\"color: #000000;\"><span style=\"font-family: Verdana, serif;\"><span style=\"font-size: small;\"><b>COORDINACI\u00d3N DE EDUCACI\u00d3N SUPERIOR&nbsp; &nbsp; &nbsp; &nbsp; &nbsp; &nbsp; &nbsp; &nbsp; &nbsp; &nbsp; &nbsp; &nbsp;<\/b><\/span><\/span><\/span><span style=\"color: #000000;\"><span style=\"font-family: Verdana, serif;\"><span style=\"font-size: small;\"><b>&nbsp; &nbsp; &nbsp; &nbsp; &nbsp; &nbsp; &nbsp; &nbsp; &nbsp; &nbsp; &nbsp; &nbsp; &nbsp; &nbsp; &nbsp; &nbsp; &nbsp; &nbsp; &nbsp; &nbsp; &nbsp; &nbsp;<\/b><\/span><\/span><\/span><\/h2>\n<h2 align=\"RIGHT\"><span style=\"color: #000000;\"><span style=\"font-family: Verdana, serif;\"><span style=\"font-size: small;\">DIRECCI\u00d3N GENERAL DE ESCUELAS DE LA PROVINCIA DE MENDOZA&nbsp; &nbsp; &nbsp; &nbsp; &nbsp; &nbsp; &nbsp; &nbsp; &nbsp; &nbsp; &nbsp; &nbsp; &nbsp;<\/span><\/span><\/span><\/h2>\n<h2 align=\"RIGHT\"><\/h2>\n<h2 align=\"RIGHT\"><span style=\"color: #000000;\"><span style=\"font-family: Verdana, serif;\"><span style=\"font-size: small;\">&nbsp; &nbsp; &nbsp;<\/span><\/span><\/span><\/h2>\n<p style=\"text-align: center;\" align=\"CENTER\"><span style=\"color: #3f3f3f;\">\u201c<span style=\"font-family: Verdana, serif;\"><span style=\"font-size: small;\"><i>Ense\u00f1ar siempre: en el patio y en la calle como en la sala de clase. Ense\u00f1ar con la actitud, el gesto y la palabra\u201d .<\/i><\/span><\/span><\/span><span style=\"color: #3f3f3f;\"><span style=\"font-family: Verdana, serif;\"><span style=\"font-size: small;\">Gabriela Mistral<\/span><\/span><\/span><\/p>\n<h3 align=\"JUSTIFY\"><\/h3>\n<h3 align=\"JUSTIFY\"><\/h3>\n<h3 style=\"text-align: center;\" align=\"JUSTIFY\"><span style=\"color: #000000;\"><span style=\"font-family: Verdana, serif;\"><span style=\"font-size: small;\">Bienvenidos al \u201cCampus Virtual\u201d del <\/span><\/span><\/span><span style=\"color: #000000;\"><span style=\"font-family: Verdana, serif;\"><span style=\"font-size: small;\"><b>INSTITUTO DE EDUCACI\u00d3N SUPERIOR 9-005 FIDELA AMPAR\u00c1N<\/b><\/span><\/span><\/span><\/h3>\n<h3 align=\"JUSTIFY\"><span style=\"color: #000000;\"><span style=\"font-family: Verdana, serif;\"><span style=\"font-size: small;\">&nbsp; &nbsp; &nbsp; &nbsp; &nbsp; &nbsp; &nbsp; &nbsp; Esta plataforma es un entorno de Formaci\u00f3n Inicial cuyo fin ser\u00e1 el de proporcionar un soporte virtual de diversos aprendizajes.&nbsp;<\/span><\/span><\/span><span style=\"color: #000000;\"><span style=\"font-family: Verdana, serif;\"><span style=\"font-size: small;\"> Nuestros estudiantes podr\u00e1n realizar en forma no presencial, sus actividades acad\u00e9micas programadas para cada una de las materias de su plan de estudios.&nbsp;<\/span><\/span><\/span><span style=\"color: #333333;\"><span style=\"font-family: Verdana, serif;\"><span style=\"font-size: small;\">Las propuestas tendr\u00e1n como din\u00e1mica principal de trabajo el intercambio y la interacci\u00f3n asidua entre estudiantes y docentes.&nbsp;<\/span><\/span><\/span><span style=\"color: #333333;\"><span style=\"font-family: Verdana, serif;\"><span style=\"font-size: small;\">As\u00ed tambi\u00e9n los profesores contar\u00e1n con una herramienta m\u00e1s, que les permita impartir sus clases adapt\u00e1ndose a las nuevas modalidades que la tecnolog\u00eda hoy nos ofrece.&nbsp;<\/span><\/span><\/span><span style=\"color: #333333;\"><span style=\"font-family: Verdana, serif;\"><span style=\"font-size: small;\">En las aulas se trabajar\u00e1 con diversos materiales de lectura, audiovisuales, foros, actividades grupales e individuales. Durante la cursada, el docente y equipo de gesti\u00f3n acompa\u00f1ar\u00e1 de forma personalizada cada trayecto.&nbsp;<\/span><\/span><\/span><span style=\"color: #333333;\"><span style=\"font-family: Verdana, serif;\"><span style=\"font-size: small;\">Desde el equipo encargado de organizar y sostener el \u00abCampus Virtual\u00bb alentamos a todos los estudiantes, como as\u00ed a los profesores, a utilizar y explotar al m\u00e1ximo esta herramienta.<\/span><\/span><\/span><\/h3>\n<h3 align=\"JUSTIFY\"><span style=\"color: #333333;\"><span style=\"font-family: Verdana, serif;\"><span style=\"font-size: small;\">&nbsp; &nbsp; &nbsp; &nbsp; &nbsp; &nbsp; &nbsp; &nbsp; &nbsp;Los estaremos acompa\u00f1ando frente a cualquier duda, sugerencia o aclaraci\u00f3n, que vayan surgiendo. Seguramente este nuevo entorno es una apuesta a nuevos aprendizajes. <\/span><\/span><\/span><\/h3>\n<h3 style=\"text-align: center;\" align=\"JUSTIFY\"><span style=\"color: #333333;\"><span style=\"font-family: Verdana, serif;\"><span style=\"font-size: small;\"> Nos estamos comunicando!!!!<\/span><\/span><\/span><\/h3>\n<h3 style=\"text-align: center;\" align=\"JUSTIFY\"><span style=\"color: #333333;\"><span style=\"font-family: Verdana, serif;\"><span style=\"font-size: small;\"> Rector y Equipo Directivo <\/span><\/span><\/span><\/h3>\n<h3 style=\"text-align: left;\" align=\"RIGHT\"><span style=\"color: #000000;\"><span style=\"font-family: Verdana, serif;\"><span style=\"font-size: small;\">&nbsp; &nbsp; &nbsp; &nbsp; &nbsp; &nbsp; &nbsp; &nbsp;<\/span><\/span><\/span><\/h3>\n<p style=\"text-align: center;\"><a href=\"\/aula\/\">&#8212;&#8212;-&gt;ACCESO AL CAMPUS VIRTUAL&lt;&#8212;&#8212;&#8212;<\/a><\/p>\n<p>&nbsp;<\/p>\n","protected":false},"excerpt":{"rendered":"<p>COORDINACI\u00d3N DE EDUCACI\u00d3N SUPERIOR&nbsp; &nbsp; &nbsp; &nbsp; &nbsp; &nbsp; &nbsp; &nbsp; &nbsp; &nbsp; &nbsp; &nbsp;&nbsp; &nbsp; &nbsp; &nbsp; &nbsp; &nbsp; &nbsp; &nbsp; &nbsp; &nbsp; &nbsp; &nbsp; &nbsp; &nbsp; &nbsp; &nbsp; &nbsp; &nbsp; &nbsp; &nbsp; &nbsp; &nbsp; DIRECCI\u00d3N GENERAL DE ESCUELAS DE LA PROVINCIA DE MENDOZA&nbsp; &nbsp; &nbsp; &nbsp; &nbsp; &nbsp; &nbsp; &nbsp; &nbsp; &nbsp; &nbsp; &#8230; <a title=\"Bienvenida al Campus Virtual\" class=\"read-more\" href=\"https:\/\/ens9005-infd.mendoza.edu.ar\/sitio\/bienvenida-al-campus-virtual\/\" aria-label=\"More on Bienvenida al Campus Virtual\">[+]<\/a><\/p>\n","protected":false},"author":163,"featured_media":0,"parent":0,"menu_order":0,"comment_status":"closed","ping_status":"closed","template":"","meta":[],"acf":[],"_links":{"self":[{"href":"https:\/\/ens9005-infd.mendoza.edu.ar\/sitio\/wp-json\/wp\/v2\/pages\/1342"}],"collection":[{"href":"https:\/\/ens9005-infd.mendoza.edu.ar\/sitio\/wp-json\/wp\/v2\/pages"}],"about":[{"href":"https:\/\/ens9005-infd.mendoza.edu.ar\/sitio\/wp-json\/wp\/v2\/types\/page"}],"author":[{"embeddable":true,"href":"https:\/\/ens9005-infd.mendoza.edu.ar\/sitio\/wp-json\/wp\/v2\/users\/163"}],"replies":[{"embeddable":true,"href":"https:\/\/ens9005-infd.mendoza.edu.ar\/sitio\/wp-json\/wp\/v2\/comments?post=1342"}],"version-history":[{"count":9,"href":"https:\/\/ens9005-infd.mendoza.edu.ar\/sitio\/wp-json\/wp\/v2\/pages\/1342\/revisions"}],"predecessor-version":[{"id":1601,"href":"https:\/\/ens9005-infd.mendoza.edu.ar\/sitio\/wp-json\/wp\/v2\/pages\/1342\/revisions\/1601"}],"wp:attachment":[{"href":"https:\/\/ens9005-infd.mendoza.edu.ar\/sitio\/wp-json\/wp\/v2\/media?parent=1342"}],"curies":[{"name":"wp","href":"https:\/\/api.w.org\/{rel}","templated":true}]}}