{"id":1186,"date":"2019-06-07T00:59:07","date_gmt":"2019-06-07T03:59:07","guid":{"rendered":"https:\/\/ens9005-mza.infd.edu.ar\/sitio\/?page_id=1186"},"modified":"2021-12-24T00:46:13","modified_gmt":"2021-12-24T03:46:13","slug":"practicas-profesionalizantes","status":"publish","type":"page","link":"https:\/\/ens9005-infd.mendoza.edu.ar\/sitio\/practicas-profesionalizantes\/","title":{"rendered":"Pr\u00e1cticas Profesionalizantes"},"content":{"rendered":"<h2 style=\"text-align: center;\"><span style=\"color: #0000ff;\"><strong>VIDEOS DE PR\u00c1CTICAS PROFESIONALIZANTES<\/strong><\/span><\/h2>\n<table border=\"0\" width=\"100%\" cellspacing=\"0\" cellpadding=\"0\">\n<colgroup>\n<col width=\"256*\" \/> <\/colgroup>\n<tbody>\n<tr>\n<td valign=\"TOP\" bgcolor=\"#e6e6ff\" width=\"100%\">\n<h3>TECNICATURA SUPERIOR EN COMPUTACI\u00d3N Y REDES:<\/h3>\n<p><a href=\"https:\/\/youtu.be\/kH0ahxP_2_o\">C\u00f3mo acelerar tu PC<\/a><\/p>\n<p><iframe loading=\"lazy\" title=\"Pr\u00e1ctica Profesionalizante II - C\u00f3mo acelerar tu PC\" width=\"1200\" height=\"675\" src=\"https:\/\/www.youtube.com\/embed\/kH0ahxP_2_o?feature=oembed\" frameborder=\"0\" allow=\"accelerometer; autoplay; clipboard-write; encrypted-media; gyroscope; picture-in-picture\" allowfullscreen><\/iframe><\/p>\n<p><a href=\"https:\/\/youtu.be\/HmP0ltt6bBE\">PR\u00c1CTICA PROFESIONALIZANTE II- 2019- INTRODUCCI\u00d3N &#8211; LAS PARTES DE UNA PC<\/a><\/p>\n<p><iframe loading=\"lazy\" title=\"Pr\u00e1ctica Profesionalizante II - 2019 Tecnicatura en Computaci\u00f3n y Redes\" width=\"1200\" height=\"675\" src=\"https:\/\/www.youtube.com\/embed\/HmP0ltt6bBE?start=36&#038;feature=oembed\" frameborder=\"0\" allow=\"accelerometer; autoplay; clipboard-write; encrypted-media; gyroscope; picture-in-picture\" allowfullscreen><\/iframe><\/p>\n<p><a href=\"https:\/\/youtu.be\/RHUM3B_jlJ0\">PR\u00c1CTICA PROFESIONALIZANTE II &#8211; A\u00d1O 2019 &#8211; LA PLACA BASE Y SUS COMPONENTES &#8211; SEGUNDO A\u00d1O<\/a><\/p>\n<p><iframe loading=\"lazy\" title=\"PLACA BASE Y SUS COMPONENTES\" width=\"1200\" height=\"675\" src=\"https:\/\/www.youtube.com\/embed\/RHUM3B_jlJ0?feature=oembed\" frameborder=\"0\" allow=\"accelerometer; autoplay; clipboard-write; encrypted-media; gyroscope; picture-in-picture\" allowfullscreen><\/iframe><\/td>\n<\/tr>\n<tr>\n<td valign=\"TOP\" bgcolor=\"#e6e6ff\" width=\"100%\">\n<h3>TECNICATURA SUPERIOR EN DESARROLLO DE SOFTWARE<\/h3>\n<p><a href=\"https:\/\/www.youtube.com\/watch?v=w939_RVa6uc\">Arquitectura de Computadoras &#8211; 1\u00b0 A\u00f1o &#8211; 2019 &#8211; Cambio de pila en Notebook Conectar igualdad<\/a><\/p>\n<p><iframe loading=\"lazy\" title=\"Arquitectura de computadoras - 1er a\u00f1o Software- 2019 - Cambio de Pila notebook\" width=\"1200\" height=\"675\" src=\"https:\/\/www.youtube.com\/embed\/w939_RVa6uc?feature=oembed\" frameborder=\"0\" allow=\"accelerometer; autoplay; clipboard-write; encrypted-media; gyroscope; picture-in-picture\" allowfullscreen><\/iframe><\/p>\n<p><a href=\"https:\/\/www.youtube.com\/watch?v=T8CugVnuBrk\">Arquitectura de computadores &#8211; 1\u00b0 A\u00f1o &#8211; 2019 &#8211; Desarmado y Armado PC de escritorio<\/a><\/p>\n<p><iframe loading=\"lazy\" title=\"Arquitectura de computadores- 1\u00b0 A\u00f1o- Tecnicatura en Desarrollo de Software\" width=\"1200\" height=\"675\" src=\"https:\/\/www.youtube.com\/embed\/T8CugVnuBrk?feature=oembed\" frameborder=\"0\" allow=\"accelerometer; autoplay; clipboard-write; encrypted-media; gyroscope; picture-in-picture\" allowfullscreen><\/iframe><\/p>\n<p><a href=\"https:\/\/www.youtube.com\/watch?v=giagnhEmbdU&amp;t=22s\">Arquitectura de computadores &#8211; 1\u00b0 A\u00f1o- 2019- Programa \u00abHola Mundo\u00bb en Dev C<\/a><\/p>\n<p><iframe loading=\"lazy\" title=\"Pr\u00e1ctica Profesionalizante I- Tecnicatura en Desarrollo de Software- 1\u00b0 A\u00f1o- 2019\" width=\"1200\" height=\"675\" src=\"https:\/\/www.youtube.com\/embed\/giagnhEmbdU?start=22&#038;feature=oembed\" frameborder=\"0\" allow=\"accelerometer; autoplay; clipboard-write; encrypted-media; gyroscope; picture-in-picture\" allowfullscreen><\/iframe><\/p>\n<p><a href=\"https:\/\/www.youtube.com\/watch?v=ojBjsdf5RIA\">Pr\u00e1ctica Profesionalizante I- 1\u00b0 A\u00f1o- 2019 &#8211; Prototipo de pantallas de software propuesto: Delivery La Paz<\/a><\/p>\n<p>https:\/\/www.youtube.com\/watch?v=ojBjsdf5RIA<\/td>\n<\/tr>\n<tr>\n<td valign=\"TOP\" bgcolor=\"#e6e6ff\" width=\"100%\"><\/td>\n<\/tr>\n<tr>\n<td valign=\"TOP\" bgcolor=\"#e6e6ff\" width=\"100%\">\n<h3>PROFESORADO EN EDUCACI\u00d3N PRIMARIA<\/h3>\n<p><a href=\"https:\/\/ens9005-infd.mendoza.edu.ar\/sitio\/wp-content\/uploads\/2019\/10\/Pr\u00e1ctica-Profesional-Docente-IV.pptx\">Pr\u00e1ctica Profesional Docente IV &#8211; Descarga PDF aqu\u00ed &#8211; a\u00f1o 2019<\/a><\/p>\n<p><img decoding=\"async\" loading=\"lazy\" class=\"wp-image-1203 alignleft\" src=\"https:\/\/ens9005-infd.mendoza.edu.ar\/sitio\/wp-content\/uploads\/2019\/10\/Pr\u00e1ctica-Profesional-Docente-IV.jpg\" alt=\"\" width=\"956\" height=\"717\" srcset=\"https:\/\/ens9005-infd.mendoza.edu.ar\/sitio\/wp-content\/uploads\/2019\/10\/Pr\u00e1ctica-Profesional-Docente-IV.jpg 960w, https:\/\/ens9005-infd.mendoza.edu.ar\/sitio\/wp-content\/uploads\/2019\/10\/Pr\u00e1ctica-Profesional-Docente-IV-768x576.jpg 768w\" sizes=\"(max-width: 956px) 100vw, 956px\" \/><\/td>\n<\/tr>\n<tr>\n<td valign=\"TOP\" bgcolor=\"#e6e6ff\" width=\"100%\">\n<h3>PROFESORADO EN EDUCACI\u00d3N ESPECIAL<\/h3>\n<p><a href=\"https:\/\/docs.google.com\/presentation\/d\/1OyKs5UWybaonPdu1U1rernH3scWoxYLN\/edit?usp=sharing&amp;ouid=108339531949760436448&amp;rtpof=true&amp;sd=true\">El profesorado de Educaci\u00f3n Especial realiz\u00f3 el coloquio de Pr\u00e1ctica y Residencia de 4\u00ba a\u00f1o a cargo de la Prof. Soledad Fioravanti y el Prof. Gabriel G\u00f3mez. Clic aqu\u00ed<\/a><br \/>\nPara esta instancia, las estudiantes innovaron con la presentaci\u00f3n de narrativas trasmedia a partir de la articulaci\u00f3n con los UDI: Procesos Cognitivos y estrategias pedag\u00f3gicas para la modalidad; Estrategias Pedag\u00f3gicas para contextos H\u00edbridos y con la electiva de narrativas pedag\u00f3gicas. De esta manera compartieron un an\u00e1lisis de las pr\u00e1cticas realizadas en las instituciones asociadas sobre la modalidad educaci\u00f3n especial. En esta oportunidad compartimos la narrativa de Gabriela Castro -a\u00f1o 2021.<\/p>\n<p><a href=\"https:\/\/youtu.be\/WuAaQNslv04\">Obra de taller expresivo, primer a\u00f1o de Educaci\u00f3n Especial &#8211; A\u00f1o 2019<\/a><\/p>\n<p><iframe loading=\"lazy\" title=\"OBRA DE TALLER EXPRESIVO\" width=\"1200\" height=\"675\" src=\"https:\/\/www.youtube.com\/embed\/WuAaQNslv04?feature=oembed\" frameborder=\"0\" allow=\"accelerometer; autoplay; clipboard-write; encrypted-media; gyroscope; picture-in-picture\" allowfullscreen><\/iframe><\/p>\n<p><a href=\"https:\/\/youtu.be\/O1LQSLIJ5jw\">Momento emotivo cuando los alumnos terminan su tesis- 4\u00b0 A\u00f1o- 2019<\/a><\/p>\n<p>https:\/\/youtu.be\/O1LQSLIJ5jw<\/td>\n<\/tr>\n<tr>\n<td valign=\"TOP\" bgcolor=\"#e6e6ff\" width=\"100%\">\n<h3>PROFESORADO DE EDUCACI\u00d3N SECUNDARIA EN HISTORIA<\/h3>\n<p><a href=\"https:\/\/www.youtube.com\/watch?v=DO7yEabbZ-U\">Pr\u00e1ctica Profesionalizante- 4\u00b0 A\u00f1o- 2020<\/a><\/p>\n<p><iframe loading=\"lazy\" title=\"PR\u00c1CTICAS PROF HISTORIA 2020 IVO DIMARCO\" width=\"1200\" height=\"675\" src=\"https:\/\/www.youtube.com\/embed\/DO7yEabbZ-U?feature=oembed\" frameborder=\"0\" allow=\"accelerometer; autoplay; clipboard-write; encrypted-media; gyroscope; picture-in-picture\" allowfullscreen><\/iframe><\/p>\n<p><a href=\"https:\/\/www.youtube.com\/watch?v=0Nd36WfNgkc\">Pr\u00e1ctica Profesionalizante- 4\u00b0 A\u00f1o- 2019<\/a><\/p>\n<div style=\"width: 1200px;\" class=\"wp-video\"><!--[if lt IE 9]><script>document.createElement('video');<\/script><![endif]-->\n<video class=\"wp-video-shortcode\" id=\"video-1186-1\" width=\"1200\" height=\"675\" preload=\"metadata\" controls=\"controls\"><source type=\"video\/mp4\" src=\"https:\/\/ens9005-infd.mendoza.edu.ar\/sitio\/wp-content\/uploads\/2019\/11\/WhatsApp-Video-2019-11-10-at-2.48.18-PM.mp4?_=1\" \/><a href=\"https:\/\/ens9005-infd.mendoza.edu.ar\/sitio\/wp-content\/uploads\/2019\/11\/WhatsApp-Video-2019-11-10-at-2.48.18-PM.mp4\">https:\/\/ens9005-infd.mendoza.edu.ar\/sitio\/wp-content\/uploads\/2019\/11\/WhatsApp-Video-2019-11-10-at-2.48.18-PM.mp4<\/a><\/video><\/div>\n<p><a href=\"https:\/\/www.youtube.com\/watch?v=T9ODB5RzShU\">Pr\u00e1ctica Profesionalizante &#8211; 3\u00b0 A\u00f1o &#8211; 2019\u00a0<\/a><\/p>\n<p><div style=\"width: 1200px;\" class=\"wp-video\"><video class=\"wp-video-shortcode\" id=\"video-1186-2\" width=\"1200\" height=\"675\" preload=\"metadata\" controls=\"controls\"><source type=\"video\/mp4\" src=\"https:\/\/ens9005-infd.mendoza.edu.ar\/sitio\/wp-content\/uploads\/2019\/11\/WhatsApp-Video-2019-11-05-at-11.14.46-PM.mp4?_=2\" \/><a href=\"https:\/\/ens9005-infd.mendoza.edu.ar\/sitio\/wp-content\/uploads\/2019\/11\/WhatsApp-Video-2019-11-05-at-11.14.46-PM.mp4\">https:\/\/ens9005-infd.mendoza.edu.ar\/sitio\/wp-content\/uploads\/2019\/11\/WhatsApp-Video-2019-11-05-at-11.14.46-PM.mp4<\/a><\/video><\/div><\/td>\n<\/tr>\n<tr>\n<td valign=\"TOP\" bgcolor=\"#e6e6ff\" width=\"100%\"><\/td>\n<\/tr>\n<tr>\n<td valign=\"TOP\" bgcolor=\"#e6e6ff\" width=\"100%\"><\/td>\n<\/tr>\n<tr>\n<td valign=\"TOP\" bgcolor=\"#e6e6ff\" width=\"100%\"><\/td>\n<\/tr>\n<\/tbody>\n<\/table>\n","protected":false},"excerpt":{"rendered":"<p>VIDEOS DE PR\u00c1CTICAS PROFESIONALIZANTES TECNICATURA SUPERIOR EN COMPUTACI\u00d3N Y REDES: C\u00f3mo acelerar tu PC PR\u00c1CTICA PROFESIONALIZANTE II- 2019- INTRODUCCI\u00d3N &#8211; LAS PARTES DE UNA PC PR\u00c1CTICA PROFESIONALIZANTE II &#8211; A\u00d1O 2019 &#8211; LA PLACA BASE Y SUS COMPONENTES &#8211; SEGUNDO A\u00d1O TECNICATURA SUPERIOR EN DESARROLLO DE SOFTWARE Arquitectura de Computadoras &#8211; 1\u00b0 A\u00f1o &#8211; 2019 &#8230; <a title=\"Pr\u00e1cticas Profesionalizantes\" class=\"read-more\" href=\"https:\/\/ens9005-infd.mendoza.edu.ar\/sitio\/practicas-profesionalizantes\/\" aria-label=\"More on Pr\u00e1cticas Profesionalizantes\">[+]<\/a><\/p>\n","protected":false},"author":163,"featured_media":0,"parent":0,"menu_order":0,"comment_status":"closed","ping_status":"closed","template":"","meta":[],"acf":[],"_links":{"self":[{"href":"https:\/\/ens9005-infd.mendoza.edu.ar\/sitio\/wp-json\/wp\/v2\/pages\/1186"}],"collection":[{"href":"https:\/\/ens9005-infd.mendoza.edu.ar\/sitio\/wp-json\/wp\/v2\/pages"}],"about":[{"href":"https:\/\/ens9005-infd.mendoza.edu.ar\/sitio\/wp-json\/wp\/v2\/types\/page"}],"author":[{"embeddable":true,"href":"https:\/\/ens9005-infd.mendoza.edu.ar\/sitio\/wp-json\/wp\/v2\/users\/163"}],"replies":[{"embeddable":true,"href":"https:\/\/ens9005-infd.mendoza.edu.ar\/sitio\/wp-json\/wp\/v2\/comments?post=1186"}],"version-history":[{"count":26,"href":"https:\/\/ens9005-infd.mendoza.edu.ar\/sitio\/wp-json\/wp\/v2\/pages\/1186\/revisions"}],"predecessor-version":[{"id":1636,"href":"https:\/\/ens9005-infd.mendoza.edu.ar\/sitio\/wp-json\/wp\/v2\/pages\/1186\/revisions\/1636"}],"wp:attachment":[{"href":"https:\/\/ens9005-infd.mendoza.edu.ar\/sitio\/wp-json\/wp\/v2\/media?parent=1186"}],"curies":[{"name":"wp","href":"https:\/\/api.w.org\/{rel}","templated":true}]}}